{"id":2363,"date":"2015-10-23T14:21:37","date_gmt":"2015-10-23T12:21:37","guid":{"rendered":"http:\/\/serwer1421977.home.pl\/pazdziernik15\/jolen\/?page_id=2363"},"modified":"2017-11-13T15:41:34","modified_gmt":"2017-11-13T14:41:34","slug":"stronaglowna","status":"publish","type":"page","link":"https:\/\/lidmar.info\/","title":{"rendered":"STORNA G\u0141OWNA"},"content":{"rendered":"<div id=\"themify_builder_content-2363\" data-postid=\"2363\" class=\"themify_builder_content themify_builder_content-2363 themify_builder themify_builder_front\">\n\t\n\t\t\t<!-- module_row -->\n\t\t\t<div data-gutter=\"gutter-default\" class=\"themify_builder_row themify_builder_2363_row module_row module_row_0 clearfix gutter-default fullcover\" \t\t\t\tdata-equal-column-height=\"\">\n\n\t\t\t\t\n\t\t\t\t\n\t\t\t\t<div class=\"row_inner_wrapper\">\n\t\t\t\t\t<div class=\"row_inner\">\n\n\t\t\t\t\t\t\n\t\t\t\t\t\t\n\t\t\t\t\t\t\n\t\t\t\t\t\t\t\t\t<div class=\"col4-2 first tb-column empty-column tb_2363_column module_column_0 module_column\" >\n\n\t\t\t\t\t\t\t\t\t    \n\t\t\t\t\t\t\t\t\t    \n\t\t\t\t\t\t\t\t\t    <div class=\"tb-column-inner\">\n\n\t\t\t\t\t\t\t\t\t\t\n\t\t\t\t\t\t\t\t\t\t\n\t\t\t\t\t\t\t\t\t\t\t&nbsp;\n\t\t\t\t\t\t\t\t\t\t<\/div>\n\t\t\t\t\t\t\t\t\t\t<!-- \/.tb-column-inner -->\n\t\t\t\t\t\t\t\t\t\t\t\t\t\t\t\t\t\t\t<\/div>\n\t\t\t\t\t\t\t\t\t<!-- \/.tb-column -->\n\t\t\t\t\t\t\t\n\t\t\t\t\t\t\t\t\t<div class=\"col4-2 last tb-column  tb_2363_column module_column_1 module_column\" >\n\n\t\t\t\t\t\t\t\t\t    \n\t\t\t\t\t\t\t\t\t    \n\t\t\t\t\t\t\t\t\t    <div class=\"tb-column-inner\">\n\n\t\t\t\t\t\t\t\t\t\t\n\t\t\t\t\t\t\t\t\t\t\n\t\t\t\t\t\t\t\t\t\t\t\n<!-- module text -->\n<div id=\"text-2363-0-1-1\" class=\"module module-text text-2363-0-1-1   \">\n\t\n\t\t\n\t<p>SALON MODY \u015aLUBNEJ KATIA W SPYTKOWICACH TO MIEJSCE, GDZIE TWOJE \u015aLUBNE MARZENIA STYKAJ\u0104 SI\u0118 Z RZECZYWISTO\u015aCI\u0104. NASZE SUKNIE \u015aLUBNE OCZARUJ\u0104 WSZYSTKICH, ZATEM WKROCZ Z NAMI DO KRAINY BIELI I ZMYS\u0141OWYCH MATERIA\u0141\u00d3W. DELIKATNE KORONKI, NIEPOWTARZALNY CZAR MU\u015aLINU ORAZ KUNSZTOWNE HAFTY \u2013 TO WSZYSTKO ODNALE\u0179\u0106 MO\u017bNA W NASZYM SALONIE. NASZYM CELEM JEST TWORZENIE NIEPOWTARZALNYCH STYLIZACJI \u015aLUBNYCH, W KT\u00d3RYCH PANNA M\u0141ODA POCZUJE SI\u0118 NAJPI\u0118KNIEJSZ\u0104 KOBIET\u0104 NA \u015aWIECIE I Z RADO\u015aCI\u0104 UDA SI\u0118 DO O\u0141TARZA, ODPROWADZANA ZACHWYCONYMI SPOJRZENIAMI BLISKICH. MODA \u015aLUBNA TO JEDNAK NIE TYLKO SUKNIE DLA PA\u0143 M\u0141ODYCH, LECZ R\u00d3WNIE\u017b DODATKI \u015aLUBNE CZY SUKIENKI DLA DRUHEN I GO\u015aCI. WSZYSTKO TO ZNALE\u0179\u0106 MO\u017bNA W JEDNYM MIEJSCU \u2013 JEST NIM SALON \u015aLUBNY KATIA W SPYTKOWICACH. STAWIAMY SOBIE ZA CEL ZAPEWNIENIE NAJLEPSZEGO, SPOKOJNEGO WYBORU, ZGODNEGO Z INDYWIDUALNYMI POTRZEBAMI. MO\u017bNA WI\u0118C U NAS BEZ PO\u015aPIECHU, RAZEM Z BLISK\u0104 OSOB\u0104, ODPOWIEDNIO PRZYGOTOWA\u0106 SI\u0118 DO TEGO WYJ\u0104TKOWEGO WYDARZENIA.<\/p>\n\t<\/div>\n<!-- \/module text -->\n\n\t\t\t\t\t\t\t\t\t\t<\/div>\n\t\t\t\t\t\t\t\t\t\t<!-- \/.tb-column-inner -->\n\t\t\t\t\t\t\t\t\t\t\t\t\t\t\t\t\t\t\t<\/div>\n\t\t\t\t\t\t\t\t\t<!-- \/.tb-column -->\n\t\t\t\t\t\t\t\n\t\t\t\t\t\t\n\t\t\t\t\t\t\n\t\t\t\t\t\t\n\t\t\t\t\t<\/div>\n\t\t\t\t\t<!-- \/row_inner -->\n\t\t\t\t<\/div>\n\t\t\t<!-- \/row_inner_wrapper -->\n\t\t\t<\/div>\n\t\t\t<!-- \/module_row -->\n\t\t\t\n<\/div>\n<!-- \/themify_builder_content -->","protected":false},"excerpt":{"rendered":"<p>&nbsp; SALON MODY \u015aLUBNEJ KATIA W SPYTKOWICACH TO MIEJSCE, GDZIE TWOJE \u015aLUBNE MARZENIA STYKAJ\u0104 SI\u0118 Z RZECZYWISTO\u015aCI\u0104. NASZE SUKNIE \u015aLUBNE OCZARUJ\u0104 WSZYSTKICH, ZATEM WKROCZ Z NAMI DO KRAINY BIELI I ZMYS\u0141OWYCH MATERIA\u0141\u00d3W. DELIKATNE KORONKI, NIEPOWTARZALNY CZAR MU\u015aLINU ORAZ KUNSZTOWNE HAFTY \u2013 TO WSZYSTKO ODNALE\u0179\u0106 MO\u017bNA W NASZYM SALONIE. NASZYM CELEM JEST TWORZENIE NIEPOWTARZALNYCH STYLIZACJI \u015aLUBNYCH, [&hellip;]<\/p>\n","protected":false},"author":1,"featured_media":0,"parent":0,"menu_order":0,"comment_status":"closed","ping_status":"closed","template":"","meta":[],"_links":{"self":[{"href":"https:\/\/lidmar.info\/index.php\/wp-json\/wp\/v2\/pages\/2363"}],"collection":[{"href":"https:\/\/lidmar.info\/index.php\/wp-json\/wp\/v2\/pages"}],"about":[{"href":"https:\/\/lidmar.info\/index.php\/wp-json\/wp\/v2\/types\/page"}],"author":[{"embeddable":true,"href":"https:\/\/lidmar.info\/index.php\/wp-json\/wp\/v2\/users\/1"}],"replies":[{"embeddable":true,"href":"https:\/\/lidmar.info\/index.php\/wp-json\/wp\/v2\/comments?post=2363"}],"version-history":[{"count":6,"href":"https:\/\/lidmar.info\/index.php\/wp-json\/wp\/v2\/pages\/2363\/revisions"}],"predecessor-version":[{"id":3119,"href":"https:\/\/lidmar.info\/index.php\/wp-json\/wp\/v2\/pages\/2363\/revisions\/3119"}],"wp:attachment":[{"href":"https:\/\/lidmar.info\/index.php\/wp-json\/wp\/v2\/media?parent=2363"}],"curies":[{"name":"wp","href":"https:\/\/api.w.org\/{rel}","templated":true}]}}