{"id":2365,"date":"2015-10-23T14:21:48","date_gmt":"2015-10-23T12:21:48","guid":{"rendered":"http:\/\/serwer1421977.home.pl\/pazdziernik15\/jolen\/?page_id=2365"},"modified":"2017-12-20T12:28:14","modified_gmt":"2017-12-20T11:28:14","slug":"oferta","status":"publish","type":"page","link":"http:\/\/lidmar.info\/index.php\/oferta\/","title":{"rendered":"OFERTA"},"content":{"rendered":"<div id=\"themify_builder_content-2365\" data-postid=\"2365\" class=\"themify_builder_content themify_builder_content-2365 themify_builder themify_builder_front\">\n\t\n\t\t\t<!-- module_row -->\n\t\t\t<div data-gutter=\"gutter-default\" class=\"themify_builder_row themify_builder_2365_row module_row module_row_0 clearfix gutter-default\" \t\t\t\tdata-equal-column-height=\"\">\n\n\t\t\t\t\n\t\t\t\t\n\t\t\t\t<div class=\"row_inner_wrapper\">\n\t\t\t\t\t<div class=\"row_inner\">\n\n\t\t\t\t\t\t\n\t\t\t\t\t\t\n\t\t\t\t\t\t\n\t\t\t\t\t\t\t\t\t<div class=\"col-full first tb-column  tb_2365_column module_column_0 module_column\" >\n\n\t\t\t\t\t\t\t\t\t    \n\t\t\t\t\t\t\t\t\t    \n\t\t\t\t\t\t\t\t\t    <div class=\"tb-column-inner\">\n\n\t\t\t\t\t\t\t\t\t\t\n\t\t\t\t\t\t\t\t\t\t\n\t\t\t\t\t\t\t\t\t\t\t\n<!-- module text -->\n<div id=\"text-2365-0-0-1\" class=\"module module-text text-2365-0-0-1   \">\n\t\n\t\t\n\t<h3 style=\"text-align: center;\">Firma LIDMAR zajmuj\u0119 si\u0119 dystrybucj\u0105 cz\u0119\u015bci zamiennych do ci\u0105gnik\u00f3w ci\u0119\u017ckich c-385, zetor i pochodne.<\/h3><h3 style=\"text-align: center;\">Towar dowozimy w\u0142asnym transportem lub wysy\u0142amy kurierem.<\/h3><h3 style=\"text-align: center;\">Wystawiamy faktur\u0119 VAT.<\/h3><h3 style=\"text-align: center;\">Oferujemy atrakcyjne ceny &#8211; zadzwo\u0144 i sprawd\u017a!<\/h3>\n\t\t<style type=\"text\/css\">\n\t\t\t#gallery-1 {\n\t\t\t\tmargin: auto;\n\t\t\t}\n\t\t\t#gallery-1 .gallery-item {\n\t\t\t\tfloat: left;\n\t\t\t\tmargin-top: 10px;\n\t\t\t\ttext-align: center;\n\t\t\t\twidth: 33%;\n\t\t\t}\n\t\t\t#gallery-1 img {\n\t\t\t\tborder: 2px solid #cfcfcf;\n\t\t\t}\n\t\t\t#gallery-1 .gallery-caption {\n\t\t\t\tmargin-left: 0;\n\t\t\t}\n\t\t\t\/* see gallery_shortcode() in wp-includes\/media.php *\/\n\t\t<\/style>\n\t\t<div id='gallery-1' class='gallery galleryid-2365 gallery-columns-3 gallery-size-medium'><dl class='gallery-item'>\n\t\t\t<dt class='gallery-icon landscape'>\n\t\t\t\t<a href='http:\/\/lidmar.info\/wp-content\/uploads\/2017\/12\/DSC_0851.jpg'><img width=\"300\" height=\"200\" src=\"http:\/\/lidmar.info\/wp-content\/uploads\/2017\/12\/DSC_0851-300x200.jpg\" class=\"attachment-medium size-medium\" alt=\"\" loading=\"lazy\" srcset=\"http:\/\/lidmar.info\/wp-content\/uploads\/2017\/12\/DSC_0851-300x200.jpg 300w, http:\/\/lidmar.info\/wp-content\/uploads\/2017\/12\/DSC_0851-768x512.jpg 768w, http:\/\/lidmar.info\/wp-content\/uploads\/2017\/12\/DSC_0851-1024x683.jpg 1024w\" sizes=\"(max-width: 300px) 100vw, 300px\" \/><\/a>\n\t\t\t<\/dt><\/dl><dl class='gallery-item'>\n\t\t\t<dt class='gallery-icon landscape'>\n\t\t\t\t<a href='http:\/\/lidmar.info\/wp-content\/uploads\/2017\/12\/DSC_0840.jpg'><img width=\"300\" height=\"200\" src=\"http:\/\/lidmar.info\/wp-content\/uploads\/2017\/12\/DSC_0840-300x200.jpg\" class=\"attachment-medium size-medium\" alt=\"\" loading=\"lazy\" srcset=\"http:\/\/lidmar.info\/wp-content\/uploads\/2017\/12\/DSC_0840-300x200.jpg 300w, http:\/\/lidmar.info\/wp-content\/uploads\/2017\/12\/DSC_0840-768x512.jpg 768w, http:\/\/lidmar.info\/wp-content\/uploads\/2017\/12\/DSC_0840-1024x683.jpg 1024w\" sizes=\"(max-width: 300px) 100vw, 300px\" \/><\/a>\n\t\t\t<\/dt><\/dl><dl class='gallery-item'>\n\t\t\t<dt class='gallery-icon landscape'>\n\t\t\t\t<a href='http:\/\/lidmar.info\/wp-content\/uploads\/2017\/12\/DSC_0842.jpg'><img width=\"300\" height=\"200\" src=\"http:\/\/lidmar.info\/wp-content\/uploads\/2017\/12\/DSC_0842-300x200.jpg\" class=\"attachment-medium size-medium\" alt=\"\" loading=\"lazy\" srcset=\"http:\/\/lidmar.info\/wp-content\/uploads\/2017\/12\/DSC_0842-300x200.jpg 300w, http:\/\/lidmar.info\/wp-content\/uploads\/2017\/12\/DSC_0842-768x512.jpg 768w, http:\/\/lidmar.info\/wp-content\/uploads\/2017\/12\/DSC_0842-1024x683.jpg 1024w\" sizes=\"(max-width: 300px) 100vw, 300px\" \/><\/a>\n\t\t\t<\/dt><\/dl><br style=\"clear: both\" \/><dl class='gallery-item'>\n\t\t\t<dt class='gallery-icon landscape'>\n\t\t\t\t<a href='http:\/\/lidmar.info\/wp-content\/uploads\/2017\/12\/DSC_0843.jpg'><img width=\"300\" height=\"200\" src=\"http:\/\/lidmar.info\/wp-content\/uploads\/2017\/12\/DSC_0843-300x200.jpg\" class=\"attachment-medium size-medium\" alt=\"\" loading=\"lazy\" srcset=\"http:\/\/lidmar.info\/wp-content\/uploads\/2017\/12\/DSC_0843-300x200.jpg 300w, http:\/\/lidmar.info\/wp-content\/uploads\/2017\/12\/DSC_0843-768x512.jpg 768w, http:\/\/lidmar.info\/wp-content\/uploads\/2017\/12\/DSC_0843-1024x683.jpg 1024w\" sizes=\"(max-width: 300px) 100vw, 300px\" \/><\/a>\n\t\t\t<\/dt><\/dl><dl class='gallery-item'>\n\t\t\t<dt class='gallery-icon landscape'>\n\t\t\t\t<a href='http:\/\/lidmar.info\/wp-content\/uploads\/2017\/12\/DSC_0844.jpg'><img width=\"300\" height=\"200\" src=\"http:\/\/lidmar.info\/wp-content\/uploads\/2017\/12\/DSC_0844-300x200.jpg\" class=\"attachment-medium size-medium\" alt=\"\" loading=\"lazy\" srcset=\"http:\/\/lidmar.info\/wp-content\/uploads\/2017\/12\/DSC_0844-300x200.jpg 300w, http:\/\/lidmar.info\/wp-content\/uploads\/2017\/12\/DSC_0844-768x512.jpg 768w, http:\/\/lidmar.info\/wp-content\/uploads\/2017\/12\/DSC_0844-1024x683.jpg 1024w\" sizes=\"(max-width: 300px) 100vw, 300px\" \/><\/a>\n\t\t\t<\/dt><\/dl><dl class='gallery-item'>\n\t\t\t<dt class='gallery-icon landscape'>\n\t\t\t\t<a href='http:\/\/lidmar.info\/wp-content\/uploads\/2017\/12\/DSC_0846.jpg'><img width=\"300\" height=\"200\" src=\"http:\/\/lidmar.info\/wp-content\/uploads\/2017\/12\/DSC_0846-300x200.jpg\" class=\"attachment-medium size-medium\" alt=\"\" loading=\"lazy\" srcset=\"http:\/\/lidmar.info\/wp-content\/uploads\/2017\/12\/DSC_0846-300x200.jpg 300w, http:\/\/lidmar.info\/wp-content\/uploads\/2017\/12\/DSC_0846-768x512.jpg 768w, http:\/\/lidmar.info\/wp-content\/uploads\/2017\/12\/DSC_0846-1024x683.jpg 1024w\" sizes=\"(max-width: 300px) 100vw, 300px\" \/><\/a>\n\t\t\t<\/dt><\/dl><br style=\"clear: both\" \/><dl class='gallery-item'>\n\t\t\t<dt class='gallery-icon landscape'>\n\t\t\t\t<a href='http:\/\/lidmar.info\/wp-content\/uploads\/2017\/12\/DSC_0847.jpg'><img width=\"300\" height=\"200\" src=\"http:\/\/lidmar.info\/wp-content\/uploads\/2017\/12\/DSC_0847-300x200.jpg\" class=\"attachment-medium size-medium\" alt=\"\" loading=\"lazy\" srcset=\"http:\/\/lidmar.info\/wp-content\/uploads\/2017\/12\/DSC_0847-300x200.jpg 300w, http:\/\/lidmar.info\/wp-content\/uploads\/2017\/12\/DSC_0847-768x512.jpg 768w, http:\/\/lidmar.info\/wp-content\/uploads\/2017\/12\/DSC_0847-1024x683.jpg 1024w\" sizes=\"(max-width: 300px) 100vw, 300px\" \/><\/a>\n\t\t\t<\/dt><\/dl><dl class='gallery-item'>\n\t\t\t<dt class='gallery-icon landscape'>\n\t\t\t\t<a href='http:\/\/lidmar.info\/wp-content\/uploads\/2017\/12\/DSC_0848.jpg'><img width=\"300\" height=\"200\" src=\"http:\/\/lidmar.info\/wp-content\/uploads\/2017\/12\/DSC_0848-300x200.jpg\" class=\"attachment-medium size-medium\" alt=\"\" loading=\"lazy\" srcset=\"http:\/\/lidmar.info\/wp-content\/uploads\/2017\/12\/DSC_0848-300x200.jpg 300w, http:\/\/lidmar.info\/wp-content\/uploads\/2017\/12\/DSC_0848-768x512.jpg 768w, http:\/\/lidmar.info\/wp-content\/uploads\/2017\/12\/DSC_0848-1024x683.jpg 1024w\" sizes=\"(max-width: 300px) 100vw, 300px\" \/><\/a>\n\t\t\t<\/dt><\/dl><dl class='gallery-item'>\n\t\t\t<dt class='gallery-icon landscape'>\n\t\t\t\t<a href='http:\/\/lidmar.info\/wp-content\/uploads\/2017\/12\/DSC_0850.jpg'><img width=\"300\" height=\"200\" src=\"http:\/\/lidmar.info\/wp-content\/uploads\/2017\/12\/DSC_0850-300x200.jpg\" class=\"attachment-medium size-medium\" alt=\"\" loading=\"lazy\" srcset=\"http:\/\/lidmar.info\/wp-content\/uploads\/2017\/12\/DSC_0850-300x200.jpg 300w, http:\/\/lidmar.info\/wp-content\/uploads\/2017\/12\/DSC_0850-768x512.jpg 768w, http:\/\/lidmar.info\/wp-content\/uploads\/2017\/12\/DSC_0850-1024x683.jpg 1024w\" sizes=\"(max-width: 300px) 100vw, 300px\" \/><\/a>\n\t\t\t<\/dt><\/dl><br style=\"clear: both\" \/>\n\t\t<\/div>\n\n\t<\/div>\n<!-- \/module text -->\n\n\t\t\t\t\t\t\t\t\t\t<\/div>\n\t\t\t\t\t\t\t\t\t\t<!-- \/.tb-column-inner -->\n\t\t\t\t\t\t\t\t\t\t\t\t\t\t\t\t\t\t\t<\/div>\n\t\t\t\t\t\t\t\t\t<!-- \/.tb-column -->\n\t\t\t\t\t\t\t\n\t\t\t\t\t\t\n\t\t\t\t\t\t\n\t\t\t\t\t\t\n\t\t\t\t\t<\/div>\n\t\t\t\t\t<!-- \/row_inner -->\n\t\t\t\t<\/div>\n\t\t\t<!-- \/row_inner_wrapper -->\n\t\t\t<\/div>\n\t\t\t<!-- \/module_row -->\n\t\t\t\n<\/div>\n<!-- \/themify_builder_content -->","protected":false},"excerpt":{"rendered":"<p>Firma LIDMAR zajmuj\u0119 si\u0119 dystrybucj\u0105 cz\u0119\u015bci zamiennych do ci\u0105gnik\u00f3w ci\u0119\u017ckich c-385, zetor i pochodne.Towar dowozimy w\u0142asnym transportem lub wysy\u0142amy kurierem.Wystawiamy faktur\u0119 VAT.Oferujemy atrakcyjne ceny &#8211; zadzwo\u0144 i sprawd\u017a!<\/p>\n","protected":false},"author":1,"featured_media":0,"parent":0,"menu_order":0,"comment_status":"closed","ping_status":"closed","template":"","meta":[],"_links":{"self":[{"href":"http:\/\/lidmar.info\/index.php\/wp-json\/wp\/v2\/pages\/2365"}],"collection":[{"href":"http:\/\/lidmar.info\/index.php\/wp-json\/wp\/v2\/pages"}],"about":[{"href":"http:\/\/lidmar.info\/index.php\/wp-json\/wp\/v2\/types\/page"}],"author":[{"embeddable":true,"href":"http:\/\/lidmar.info\/index.php\/wp-json\/wp\/v2\/users\/1"}],"replies":[{"embeddable":true,"href":"http:\/\/lidmar.info\/index.php\/wp-json\/wp\/v2\/comments?post=2365"}],"version-history":[{"count":3,"href":"http:\/\/lidmar.info\/index.php\/wp-json\/wp\/v2\/pages\/2365\/revisions"}],"predecessor-version":[{"id":2414,"href":"http:\/\/lidmar.info\/index.php\/wp-json\/wp\/v2\/pages\/2365\/revisions\/2414"}],"wp:attachment":[{"href":"http:\/\/lidmar.info\/index.php\/wp-json\/wp\/v2\/media?parent=2365"}],"curies":[{"name":"wp","href":"https:\/\/api.w.org\/{rel}","templated":true}]}}